{"id":148,"date":"2019-01-15T23:14:15","date_gmt":"2019-01-15T23:14:15","guid":{"rendered":"https:\/\/fsz.lu\/?page_id=148"},"modified":"2019-03-26T23:11:14","modified_gmt":"2019-03-26T23:11:14","slug":"services","status":"publish","type":"page","link":"https:\/\/fsz.lu\/fr\/services\/","title":{"rendered":"Services"},"content":{"rendered":"[vc_row type=&#8221;full_width_background&#8221; full_screen_row_position=&#8221;middle&#8221; bg_image=&#8221;11&#8243; bg_position=&#8221;center center&#8221; bg_repeat=&#8221;no-repeat&#8221; bg_color=&#8221;#ffffff&#8221; scene_position=&#8221;center&#8221; text_color=&#8221;light&#8221; text_align=&#8221;center&#8221; top_padding=&#8221;0&#8243; bottom_padding=&#8221;10%&#8221; color_overlay=&#8221;#0a0a0a&#8221; overlay_strength=&#8221;0.5&#8243; shape_divider_position=&#8221;bottom&#8221; bg_image_animation=&#8221;none&#8221; parallax_bg=&#8221;true&#8221; parallax_bg_speed=&#8221;fast&#8221; shape_type=&#8221;&#8221;][vc_column column_padding=&#8221;no-extra-padding&#8221; column_padding_position=&#8221;all&#8221; background_color_opacity=&#8221;1&#8243; background_hover_color_opacity=&#8221;1&#8243; column_link_target=&#8221;_self&#8221; column_shadow=&#8221;none&#8221; column_border_radius=&#8221;none&#8221; width=&#8221;1\/1&#8243; tablet_width_inherit=&#8221;default&#8221; tablet_text_alignment=&#8221;default&#8221; phone_text_alignment=&#8221;default&#8221; column_border_width=&#8221;none&#8221; column_border_style=&#8221;solid&#8221; bg_image_animation=&#8221;none&#8221;][vc_row_inner equal_height=&#8221;yes&#8221; content_placement=&#8221;middle&#8221; column_margin=&#8221;default&#8221; top_padding=&#8221;8%&#8221; text_align=&#8221;left&#8221;][vc_column_inner column_padding=&#8221;no-extra-padding&#8221; column_padding_position=&#8221;all&#8221; background_color_opacity=&#8221;1&#8243; background_hover_color_opacity=&#8221;1&#8243; column_shadow=&#8221;none&#8221; column_border_radius=&#8221;none&#8221; column_link_target=&#8221;_self&#8221; width=&#8221;1\/1&#8243; tablet_width_inherit=&#8221;default&#8221; column_border_width=&#8221;none&#8221; column_border_style=&#8221;solid&#8221; bg_image_animation=&#8221;none&#8221; enable_animation=&#8221;true&#8221; animation=&#8221;fade-in&#8221; offset=&#8221;vc_col-lg-12 vc_col-md-12 vc_col-xs-12&#8243;][vc_column_text css_animation=&#8221;fadeInUp&#8221;]\n<h1>Nos services<\/h1>\n[\/vc_column_text][\/vc_column_inner][\/vc_row_inner][\/vc_column][\/vc_row][vc_row type=&#8221;full_width_background&#8221; full_screen_row_position=&#8221;middle&#8221; equal_height=&#8221;yes&#8221; content_placement=&#8221;top&#8221; bg_color=&#8221;#f7f7f7&#8243; scene_position=&#8221;center&#8221; text_color=&#8221;dark&#8221; text_align=&#8221;left&#8221; top_padding=&#8221;7%&#8221; bottom_padding=&#8221;2%&#8221; id=&#8221;services-1&#8243; overlay_strength=&#8221;0.3&#8243; shape_divider_position=&#8221;bottom&#8221; bg_image_animation=&#8221;none&#8221; shape_type=&#8221;&#8221;][vc_column column_padding=&#8221;no-extra-padding&#8221; column_padding_position=&#8221;bottom&#8221; background_color_opacity=&#8221;1&#8243; background_hover_color_opacity=&#8221;1&#8243; column_link_target=&#8221;_self&#8221; column_shadow=&#8221;none&#8221; column_border_radius=&#8221;none&#8221; width=&#8221;1\/3&#8243; tablet_width_inherit=&#8221;default&#8221; tablet_text_alignment=&#8221;default&#8221; phone_text_alignment=&#8221;default&#8221; column_border_width=&#8221;none&#8221; column_border_style=&#8221;solid&#8221; bg_image_animation=&#8221;none&#8221; enable_animation=&#8221;true&#8221; animation=&#8221;grow-in&#8221;][fancy_box box_style=&#8221;color_box_hover&#8221; icon_family=&#8221;iconsmind&#8221; color=&#8221;Extra-Color-1&#8243; box_alignment=&#8221;left&#8221; icon_iconsmind=&#8221;iconsmind-Calculator-2&#8243; min_height=&#8221;200&#8243;]\n<h4>Comptabilit\u00e9<\/h4>\n<ul>\n<li>Comptabilit\u00e9<\/li>\n<li>Comptes annuels<\/li>\n<li>Comptes int\u00e9rimaires<\/li>\n<li>D\u00e9claration intastat<\/li>\n<\/ul>\n[\/fancy_box][\/vc_column][vc_column column_padding=&#8221;no-extra-padding&#8221; column_padding_position=&#8221;all&#8221; background_color_opacity=&#8221;1&#8243; background_hover_color_opacity=&#8221;1&#8243; column_link_target=&#8221;_self&#8221; column_shadow=&#8221;none&#8221; column_border_radius=&#8221;none&#8221; width=&#8221;1\/3&#8243; tablet_width_inherit=&#8221;default&#8221; tablet_text_alignment=&#8221;default&#8221; phone_text_alignment=&#8221;default&#8221; column_border_width=&#8221;none&#8221; column_border_style=&#8221;solid&#8221; bg_image_animation=&#8221;none&#8221; enable_animation=&#8221;true&#8221; animation=&#8221;grow-in&#8221; delay=&#8221;100&#8243;][fancy_box box_style=&#8221;color_box_hover&#8221; icon_family=&#8221;iconsmind&#8221; color=&#8221;Extra-Color-1&#8243; box_alignment=&#8221;left&#8221; icon_iconsmind=&#8221;iconsmind-Monitor-Analytics&#8221; min_height=&#8221;200&#8243;]\n<h4>Expertise fiscale<\/h4>\n<ul>\n<li>D\u00e9clarations<b>\u00a0<\/b>de TVA p\u00e9riodique et annuelle<\/li>\n<li>D\u00e9clarations fiscales pour entreprises et personnes physique<\/li>\n<li>Assistance dans les rapports avec l&#8217;administration fiscale<\/li>\n<li>Optimisations et solutions fiscales<\/li>\n<\/ul>\n[\/fancy_box][\/vc_column][vc_column column_padding=&#8221;no-extra-padding&#8221; column_padding_position=&#8221;all&#8221; background_color_opacity=&#8221;1&#8243; background_hover_color_opacity=&#8221;1&#8243; column_link_target=&#8221;_self&#8221; column_shadow=&#8221;none&#8221; column_border_radius=&#8221;none&#8221; width=&#8221;1\/3&#8243; tablet_width_inherit=&#8221;default&#8221; tablet_text_alignment=&#8221;default&#8221; phone_text_alignment=&#8221;default&#8221; column_border_width=&#8221;none&#8221; column_border_style=&#8221;solid&#8221; bg_image_animation=&#8221;none&#8221; enable_animation=&#8221;true&#8221; animation=&#8221;grow-in&#8221; delay=&#8221;200&#8243;][fancy_box box_style=&#8221;color_box_hover&#8221; icon_family=&#8221;iconsmind&#8221; color=&#8221;Extra-Color-1&#8243; box_alignment=&#8221;left&#8221; icon_iconsmind=&#8221;iconsmind-Business-Mens&#8221; min_height=&#8221;200&#8243;]\n<h4>Conseil en gestion d&#8217;entretprise<\/h4>\n<ul>\n<li>Analyse financi\u00e8re<\/li>\n<li>Evaluation d&#8217;entreprise<\/li>\n<li>Analyse des co\u00fbts<\/li>\n<li>Plan financier<\/li>\n<li>Reprise et transmission<\/li>\n<\/ul>\n[\/fancy_box][\/vc_column][\/vc_row][vc_row type=&#8221;full_width_background&#8221; full_screen_row_position=&#8221;middle&#8221; equal_height=&#8221;yes&#8221; content_placement=&#8221;top&#8221; bg_color=&#8221;#f7f7f7&#8243; scene_position=&#8221;center&#8221; text_color=&#8221;dark&#8221; text_align=&#8221;left&#8221; bottom_padding=&#8221;7%&#8221; id=&#8221;services-2&#8243; overlay_strength=&#8221;0.3&#8243; shape_divider_position=&#8221;bottom&#8221; bg_image_animation=&#8221;none&#8221; shape_type=&#8221;&#8221;][vc_column column_padding=&#8221;no-extra-padding&#8221; column_padding_position=&#8221;all&#8221; background_color_opacity=&#8221;1&#8243; background_hover_color_opacity=&#8221;1&#8243; column_link_target=&#8221;_self&#8221; column_shadow=&#8221;none&#8221; column_border_radius=&#8221;none&#8221; width=&#8221;1\/3&#8243; tablet_width_inherit=&#8221;default&#8221; tablet_text_alignment=&#8221;default&#8221; phone_text_alignment=&#8221;default&#8221; column_border_width=&#8221;none&#8221; column_border_style=&#8221;solid&#8221; bg_image_animation=&#8221;none&#8221; enable_animation=&#8221;true&#8221; animation=&#8221;grow-in&#8221;][fancy_box box_style=&#8221;color_box_hover&#8221; icon_family=&#8221;iconsmind&#8221; color=&#8221;Extra-Color-1&#8243; box_alignment=&#8221;left&#8221; icon_iconsmind=&#8221;iconsmind-Yes&#8221; min_height=&#8221;200&#8243;]\n<h4>Cr\u00e9ation d&#8217;entreprise<\/h4>\n<ul>\n<li>Constitution d&#8217;une entreprise<\/li>\n<li>Demande autorisation d&#8217;\u00e9tablissement<\/li>\n<li>Demande Num\u00e9ro TVA<\/li>\n<\/ul>\n[\/fancy_box][\/vc_column][vc_column column_padding=&#8221;no-extra-padding&#8221; column_padding_position=&#8221;all&#8221; background_color_opacity=&#8221;1&#8243; background_hover_color_opacity=&#8221;1&#8243; column_link_target=&#8221;_self&#8221; column_shadow=&#8221;none&#8221; column_border_radius=&#8221;none&#8221; width=&#8221;1\/3&#8243; tablet_width_inherit=&#8221;default&#8221; tablet_text_alignment=&#8221;default&#8221; phone_text_alignment=&#8221;default&#8221; column_border_width=&#8221;none&#8221; column_border_style=&#8221;solid&#8221; bg_image_animation=&#8221;none&#8221; enable_animation=&#8221;true&#8221; animation=&#8221;grow-in&#8221; delay=&#8221;100&#8243;][fancy_box box_style=&#8221;color_box_hover&#8221; icon_family=&#8221;iconsmind&#8221; color=&#8221;Extra-Color-1&#8243; box_alignment=&#8221;left&#8221; icon_iconsmind=&#8221;iconsmind-Book&#8221; min_height=&#8221;200&#8243;]\n<h4>Secr\u00e9tariat social<\/h4>\n<ul>\n<li>Calcul salaire et traitement<\/li>\n<li>Affiliation et d\u00e9affiliaton aupr\u00e8s du Centre Commun<\/li>\n<li>Conseil en ressources humaines<\/li>\n<li>Conseil en mati\u00e8re de s\u00e9curit\u00e9 sociale<\/li>\n<\/ul>\n[\/fancy_box][\/vc_column][vc_column column_padding=&#8221;no-extra-padding&#8221; column_padding_position=&#8221;all&#8221; background_color_opacity=&#8221;1&#8243; background_hover_color_opacity=&#8221;1&#8243; column_link_target=&#8221;_self&#8221; column_shadow=&#8221;none&#8221; column_border_radius=&#8221;none&#8221; width=&#8221;1\/3&#8243; tablet_width_inherit=&#8221;default&#8221; tablet_text_alignment=&#8221;default&#8221; phone_text_alignment=&#8221;default&#8221; column_border_width=&#8221;none&#8221; column_border_style=&#8221;solid&#8221; bg_image_animation=&#8221;none&#8221; enable_animation=&#8221;true&#8221; animation=&#8221;grow-in&#8221; delay=&#8221;200&#8243;][fancy_box box_style=&#8221;color_box_hover&#8221; icon_family=&#8221;iconsmind&#8221; color=&#8221;Extra-Color-1&#8243; box_alignment=&#8221;left&#8221; icon_iconsmind=&#8221;iconsmind-Post-Mail2&#8243; min_height=&#8221;200&#8243;]\n<h4>Domiciliation<\/h4>\n<ul>\n<li>Dans le cadre de la l\u00e9gislation de domiciliation, nous vous proposons un service complet<\/li>\n<li>Comptabilit\u00e9 et comptes annuels<\/li>\n<li>Commissaire aux comptes<\/li>\n<li>Pr\u00e9paration des r\u00e9unions du conseil d&#8217;administration et de l&#8217;assembl\u00e9e g\u00e9n\u00e9rale<\/li>\n<li>Support et suivi administratif<\/li>\n<\/ul>\n[\/fancy_box][\/vc_column][\/vc_row][vc_row type=&#8221;full_width_background&#8221; full_screen_row_position=&#8221;middle&#8221; equal_height=&#8221;yes&#8221; content_placement=&#8221;middle&#8221; bg_image=&#8221;11&#8243; bg_position=&#8221;center center&#8221; bg_repeat=&#8221;no-repeat&#8221; bg_color=&#8221;#ffffff&#8221; scene_position=&#8221;center&#8221; text_color=&#8221;light&#8221; text_align=&#8221;left&#8221; top_padding=&#8221;80&#8243; bottom_padding=&#8221;80&#8243; color_overlay=&#8221;#536780&#8243; overlay_strength=&#8221;0.95&#8243; shape_divider_position=&#8221;bottom&#8221; bg_image_animation=&#8221;none&#8221; shape_type=&#8221;&#8221;][vc_column column_padding=&#8221;no-extra-padding&#8221; column_padding_position=&#8221;all&#8221; background_color_opacity=&#8221;1&#8243; background_hover_color_opacity=&#8221;1&#8243; column_link_target=&#8221;_self&#8221; column_shadow=&#8221;none&#8221; column_border_radius=&#8221;none&#8221; width=&#8221;5\/12&#8243; tablet_width_inherit=&#8221;default&#8221; tablet_text_alignment=&#8221;center&#8221; phone_text_alignment=&#8221;center&#8221; column_border_width=&#8221;none&#8221; column_border_style=&#8221;solid&#8221; bg_image_animation=&#8221;none&#8221;][nectar_highlighted_text highlight_color=&#8221;#bca963&#8243; style=&#8221;half_text&#8221;]\n<h2><em>N\u2019h\u00e9sitez pas \u00e0 nous contacter<\/em> pour plus d\u2019informations.<\/h2>\n[\/nectar_highlighted_text][\/vc_column][vc_column column_padding=&#8221;no-extra-padding&#8221; column_padding_position=&#8221;all&#8221; background_color_opacity=&#8221;1&#8243; background_hover_color_opacity=&#8221;1&#8243; column_link_target=&#8221;_self&#8221; column_shadow=&#8221;none&#8221; column_border_radius=&#8221;none&#8221; width=&#8221;1\/12&#8243; tablet_width_inherit=&#8221;default&#8221; tablet_text_alignment=&#8221;center&#8221; phone_text_alignment=&#8221;center&#8221; column_border_width=&#8221;none&#8221; column_border_style=&#8221;solid&#8221; bg_image_animation=&#8221;none&#8221;][\/vc_column][vc_column column_padding=&#8221;no-extra-padding&#8221; column_padding_position=&#8221;all&#8221; background_color_opacity=&#8221;1&#8243; background_hover_color_opacity=&#8221;1&#8243; column_link_target=&#8221;_self&#8221; column_shadow=&#8221;none&#8221; column_border_radius=&#8221;none&#8221; width=&#8221;1\/2&#8243; tablet_width_inherit=&#8221;default&#8221; tablet_text_alignment=&#8221;center&#8221; phone_text_alignment=&#8221;center&#8221; column_border_width=&#8221;none&#8221; column_border_style=&#8221;solid&#8221; bg_image_animation=&#8221;none&#8221;][vc_row_inner column_margin=&#8221;default&#8221; text_align=&#8221;right&#8221;][vc_column_inner column_padding=&#8221;no-extra-padding&#8221; column_padding_position=&#8221;all&#8221; background_color_opacity=&#8221;1&#8243; background_hover_color_opacity=&#8221;1&#8243; column_shadow=&#8221;none&#8221; column_border_radius=&#8221;none&#8221; column_link_target=&#8221;_self&#8221; width=&#8221;1\/1&#8243; tablet_width_inherit=&#8221;default&#8221; column_border_width=&#8221;none&#8221; column_border_style=&#8221;solid&#8221; bg_image_animation=&#8221;none&#8221;][nectar_btn size=&#8221;medium&#8221; button_style=&#8221;see-through-2&#8243; color_override=&#8221;#ffffff&#8221; hover_color_override=&#8221;#ffffff&#8221; hover_text_color_override=&#8221;#000000&#8243; icon_family=&#8221;default_arrow&#8221; url=&#8221;\/kontakt&#8221; text=&#8221;Contacter&#8221;][\/vc_column_inner][\/vc_row_inner][\/vc_column][\/vc_row]\n","protected":false},"excerpt":{"rendered":"<p>[vc_row type=&#8221;full_width_background&#8221; full_screen_row_position=&#8221;middle&#8221; bg_image=&#8221;11&#8243; bg_position=&#8221;center center&#8221; bg_repeat=&#8221;no-repeat&#8221; bg_color=&#8221;#ffffff&#8221; scene_position=&#8221;center&#8221; text_color=&#8221;light&#8221; text_align=&#8221;center&#8221; top_padding=&#8221;0&#8243; bottom_padding=&#8221;10%&#8221; color_overlay=&#8221;#0a0a0a&#8221; overlay_strength=&#8221;0.5&#8243; shape_divider_position=&#8221;bottom&#8221; bg_image_animation=&#8221;none&#8221; parallax_bg=&#8221;true&#8221; parallax_bg_speed=&#8221;fast&#8221; shape_type=&#8221;&#8221;][vc_column column_padding=&#8221;no-extra-padding&#8221; column_padding_position=&#8221;all&#8221; background_color_opacity=&#8221;1&#8243; background_hover_color_opacity=&#8221;1&#8243; column_link_target=&#8221;_self&#8221; column_shadow=&#8221;none&#8221; column_border_radius=&#8221;none&#8221; width=&#8221;1\/1&#8243; tablet_width_inherit=&#8221;default&#8221; tablet_text_alignment=&#8221;default&#8221;&#8230;<\/p>\n","protected":false},"author":1,"featured_media":0,"parent":0,"menu_order":0,"comment_status":"closed","ping_status":"closed","template":"","meta":{"footnotes":""},"class_list":["post-148","page","type-page","status-publish"],"_links":{"self":[{"href":"https:\/\/fsz.lu\/fr\/wp-json\/wp\/v2\/pages\/148\/"}],"collection":[{"href":"https:\/\/fsz.lu\/fr\/wp-json\/wp\/v2\/pages\/"}],"about":[{"href":"https:\/\/fsz.lu\/fr\/wp-json\/wp\/v2\/types\/page\/"}],"author":[{"embeddable":true,"href":"https:\/\/fsz.lu\/fr\/wp-json\/wp\/v2\/users\/1\/"}],"replies":[{"embeddable":true,"href":"https:\/\/fsz.lu\/fr\/wp-json\/wp\/v2\/comments\/?post=148"}],"version-history":[{"count":9,"href":"https:\/\/fsz.lu\/fr\/wp-json\/wp\/v2\/pages\/148\/revisions\/"}],"predecessor-version":[{"id":707,"href":"https:\/\/fsz.lu\/fr\/wp-json\/wp\/v2\/pages\/148\/revisions\/707\/"}],"wp:attachment":[{"href":"https:\/\/fsz.lu\/fr\/wp-json\/wp\/v2\/media\/?parent=148"}],"curies":[{"name":"wp","href":"https:\/\/api.w.org\/{rel}","templated":true}]}}